{"id":577,"date":"2025-05-16T12:42:21","date_gmt":"2025-05-16T09:42:21","guid":{"rendered":"https:\/\/wiki.voka.io\/principes-de-publication\/"},"modified":"2025-12-02T18:31:35","modified_gmt":"2025-12-02T15:31:35","slug":"principes-de-publication","status":"publish","type":"page","link":"https:\/\/wiki.voka.io\/fr\/principes-de-publication\/","title":{"rendered":"Principes de publication"},"content":{"rendered":"","protected":false},"excerpt":{"rendered":"","protected":false},"author":1,"featured_media":0,"parent":0,"menu_order":0,"comment_status":"closed","ping_status":"closed","template":"templates\/privacy-policy.php","meta":{"_acf_changed":false,"footnotes":""},"class_list":["post-577","page","type-page","status-publish","hentry"],"acf":[],"yoast_head":"<!-- This site is optimized with the Yoast SEO Premium plugin v25.0 (Yoast SEO v26.5) - https:\/\/yoast.com\/wordpress\/plugins\/seo\/ -->\n<title>Principes d&#039;\u00e9dition - VOKA WIKI<\/title>\n<meta name=\"description\" content=\"Lisez la mission et les normes de qualit\u00e9 du VOKA WIKI. D\u00e9tails sur notre processus d&#039;examen m\u00e9dical, nos directives \u00e9thiques et notre engagement en faveur d&#039;une formation fiable en mati\u00e8re de soins de sant\u00e9.\" \/>\n<meta name=\"robots\" content=\"index, follow, max-snippet:-1, max-image-preview:large, max-video-preview:-1\" \/>\n<link rel=\"canonical\" href=\"https:\/\/wiki.voka.io\/fr\/principes-de-publication\/\" \/>\n<meta property=\"og:locale\" content=\"fr_FR\" \/>\n<meta property=\"og:type\" content=\"article\" \/>\n<meta property=\"og:title\" content=\"Principes de publication\" \/>\n<meta property=\"og:description\" content=\"Lisez la mission et les normes de qualit\u00e9 du VOKA WIKI. D\u00e9tails sur notre processus d&#039;examen m\u00e9dical, nos directives \u00e9thiques et notre engagement en faveur d&#039;une formation fiable en mati\u00e8re de soins de sant\u00e9.\" \/>\n<meta property=\"og:url\" content=\"https:\/\/wiki.voka.io\/fr\/principes-de-publication\/\" \/>\n<meta property=\"og:site_name\" content=\"Voka Wiki\" \/>\n<meta property=\"article:publisher\" content=\"https:\/\/www.facebook.com\/VOKA3DAnatomyAndPathology\/\" \/>\n<meta property=\"article:modified_time\" content=\"2025-12-02T15:31:35+00:00\" \/>\n<meta name=\"twitter:card\" content=\"summary_large_image\" \/>\n<script type=\"application\/ld+json\" class=\"yoast-schema-graph\">{\"@context\":\"https:\/\/schema.org\",\"@graph\":[{\"@type\":\"WebPage\",\"@id\":\"https:\/\/wiki.voka.io\/fr\/principes-de-publication\/\",\"url\":\"https:\/\/wiki.voka.io\/fr\/principes-de-publication\/\",\"name\":\"Principes d'\u00e9dition - VOKA WIKI\",\"isPartOf\":{\"@id\":\"https:\/\/wiki.voka.io\/fr\/#website\"},\"datePublished\":\"2025-05-16T09:42:21+00:00\",\"dateModified\":\"2025-12-02T15:31:35+00:00\",\"description\":\"Lisez la mission et les normes de qualit\u00e9 du VOKA WIKI. D\u00e9tails sur notre processus d'examen m\u00e9dical, nos directives \u00e9thiques et notre engagement en faveur d'une formation fiable en mati\u00e8re de soins de sant\u00e9.\",\"breadcrumb\":{\"@id\":\"https:\/\/wiki.voka.io\/fr\/principes-de-publication\/#breadcrumb\"},\"inLanguage\":\"fr-FR\",\"potentialAction\":[{\"@type\":\"ReadAction\",\"target\":[\"https:\/\/wiki.voka.io\/fr\/principes-de-publication\/\"]}]},{\"@type\":\"BreadcrumbList\",\"@id\":\"https:\/\/wiki.voka.io\/fr\/principes-de-publication\/#breadcrumb\",\"itemListElement\":[{\"@type\":\"ListItem\",\"position\":1,\"name\":\"Home\",\"item\":\"https:\/\/wiki.voka.io\/fr\/\"},{\"@type\":\"ListItem\",\"position\":2,\"name\":\"Principes de publication\"}]},{\"@type\":\"WebSite\",\"@id\":\"https:\/\/wiki.voka.io\/fr\/#website\",\"url\":\"https:\/\/wiki.voka.io\/fr\/\",\"name\":\"Voka Wiki\",\"description\":\"\",\"publisher\":{\"@id\":\"https:\/\/wiki.voka.io\/fr\/#organization\"},\"alternateName\":\"Anatomy & Pathology Wiki by VOKA\",\"potentialAction\":[{\"@type\":\"SearchAction\",\"target\":{\"@type\":\"EntryPoint\",\"urlTemplate\":\"https:\/\/wiki.voka.io\/fr\/?s={search_term_string}\"},\"query-input\":{\"@type\":\"PropertyValueSpecification\",\"valueRequired\":true,\"valueName\":\"search_term_string\"}}],\"inLanguage\":\"fr-FR\"},{\"@type\":\"Organization\",\"@id\":\"https:\/\/wiki.voka.io\/fr\/#organization\",\"name\":\"Voka 3D Anatomy & Pathology\",\"alternateName\":\"VOKA\",\"url\":\"https:\/\/wiki.voka.io\/fr\/\",\"logo\":{\"@type\":\"ImageObject\",\"inLanguage\":\"fr-FR\",\"@id\":\"https:\/\/wiki.voka.io\/fr\/#\/schema\/logo\/image\/\",\"url\":\"https:\/\/wiki.voka.io\/wp-content\/uploads\/2025\/02\/cropped-voka-logo-1.png\",\"contentUrl\":\"https:\/\/wiki.voka.io\/wp-content\/uploads\/2025\/02\/cropped-voka-logo-1.png\",\"width\":70,\"height\":16,\"caption\":\"Voka 3D Anatomy & Pathology\"},\"image\":{\"@id\":\"https:\/\/wiki.voka.io\/fr\/#\/schema\/logo\/image\/\"},\"sameAs\":[\"https:\/\/www.facebook.com\/VOKA3DAnatomyAndPathology\/\",\"https:\/\/www.instagram.com\/voka.io\/\",\"https:\/\/www.linkedin.com\/company\/voka-io\/\",\"https:\/\/www.youtube.com\/channel\/UCqGGuOEpr62ScH8Pjk2q5zw\/videos\",\"https:\/\/www.pinterest.com\/VokaAnatomyPro\/\",\"https:\/\/www.threads.com\/@voka.io\"],\"description\":\"VOKA.io offers 3D medical animations and custom 3D modeling services. Our product, VOKA 3D Anatomy & Pathology, is a digital atlas with over 1,000 detailed 3D models of human anatomy and pathology, designed for medical education, training, and patient communication.\",\"email\":\"info@voka.io\",\"telephone\":\"+1 814 351 4442\",\"legalName\":\"Voka 3D Anatomy & Pathology\",\"foundingDate\":\"2017-02-12\",\"naics\":\"541512\",\"numberOfEmployees\":{\"@type\":\"QuantitativeValue\",\"minValue\":\"51\",\"maxValue\":\"200\"},\"publishingPrinciples\":\"https:\/\/wiki.voka.io\/fr\/principes-de-publication\/\"}]}<\/script>\n<!-- \/ Yoast SEO Premium plugin. -->","yoast_head_json":{"title":"Principes d'\u00e9dition - VOKA WIKI","description":"Lisez la mission et les normes de qualit\u00e9 du VOKA WIKI. D\u00e9tails sur notre processus d'examen m\u00e9dical, nos directives \u00e9thiques et notre engagement en faveur d'une formation fiable en mati\u00e8re de soins de sant\u00e9.","robots":{"index":"index","follow":"follow","max-snippet":"max-snippet:-1","max-image-preview":"max-image-preview:large","max-video-preview":"max-video-preview:-1"},"canonical":"https:\/\/wiki.voka.io\/fr\/principes-de-publication\/","og_locale":"fr_FR","og_type":"article","og_title":"Principes de publication","og_description":"Lisez la mission et les normes de qualit\u00e9 du VOKA WIKI. D\u00e9tails sur notre processus d'examen m\u00e9dical, nos directives \u00e9thiques et notre engagement en faveur d'une formation fiable en mati\u00e8re de soins de sant\u00e9.","og_url":"https:\/\/wiki.voka.io\/fr\/principes-de-publication\/","og_site_name":"Voka Wiki","article_publisher":"https:\/\/www.facebook.com\/VOKA3DAnatomyAndPathology\/","article_modified_time":"2025-12-02T15:31:35+00:00","twitter_card":"summary_large_image","schema":{"@context":"https:\/\/schema.org","@graph":[{"@type":"WebPage","@id":"https:\/\/wiki.voka.io\/fr\/principes-de-publication\/","url":"https:\/\/wiki.voka.io\/fr\/principes-de-publication\/","name":"Principes d'\u00e9dition - VOKA WIKI","isPartOf":{"@id":"https:\/\/wiki.voka.io\/fr\/#website"},"datePublished":"2025-05-16T09:42:21+00:00","dateModified":"2025-12-02T15:31:35+00:00","description":"Lisez la mission et les normes de qualit\u00e9 du VOKA WIKI. D\u00e9tails sur notre processus d'examen m\u00e9dical, nos directives \u00e9thiques et notre engagement en faveur d'une formation fiable en mati\u00e8re de soins de sant\u00e9.","breadcrumb":{"@id":"https:\/\/wiki.voka.io\/fr\/principes-de-publication\/#breadcrumb"},"inLanguage":"fr-FR","potentialAction":[{"@type":"ReadAction","target":["https:\/\/wiki.voka.io\/fr\/principes-de-publication\/"]}]},{"@type":"BreadcrumbList","@id":"https:\/\/wiki.voka.io\/fr\/principes-de-publication\/#breadcrumb","itemListElement":[{"@type":"ListItem","position":1,"name":"Home","item":"https:\/\/wiki.voka.io\/fr\/"},{"@type":"ListItem","position":2,"name":"Principes de publication"}]},{"@type":"WebSite","@id":"https:\/\/wiki.voka.io\/fr\/#website","url":"https:\/\/wiki.voka.io\/fr\/","name":"Voka Wiki","description":"","publisher":{"@id":"https:\/\/wiki.voka.io\/fr\/#organization"},"alternateName":"Anatomy & Pathology Wiki by VOKA","potentialAction":[{"@type":"SearchAction","target":{"@type":"EntryPoint","urlTemplate":"https:\/\/wiki.voka.io\/fr\/?s={search_term_string}"},"query-input":{"@type":"PropertyValueSpecification","valueRequired":true,"valueName":"search_term_string"}}],"inLanguage":"fr-FR"},{"@type":"Organization","@id":"https:\/\/wiki.voka.io\/fr\/#organization","name":"Voka 3D Anatomy & Pathology","alternateName":"VOKA","url":"https:\/\/wiki.voka.io\/fr\/","logo":{"@type":"ImageObject","inLanguage":"fr-FR","@id":"https:\/\/wiki.voka.io\/fr\/#\/schema\/logo\/image\/","url":"https:\/\/wiki.voka.io\/wp-content\/uploads\/2025\/02\/cropped-voka-logo-1.png","contentUrl":"https:\/\/wiki.voka.io\/wp-content\/uploads\/2025\/02\/cropped-voka-logo-1.png","width":70,"height":16,"caption":"Voka 3D Anatomy & Pathology"},"image":{"@id":"https:\/\/wiki.voka.io\/fr\/#\/schema\/logo\/image\/"},"sameAs":["https:\/\/www.facebook.com\/VOKA3DAnatomyAndPathology\/","https:\/\/www.instagram.com\/voka.io\/","https:\/\/www.linkedin.com\/company\/voka-io\/","https:\/\/www.youtube.com\/channel\/UCqGGuOEpr62ScH8Pjk2q5zw\/videos","https:\/\/www.pinterest.com\/VokaAnatomyPro\/","https:\/\/www.threads.com\/@voka.io"],"description":"VOKA.io offers 3D medical animations and custom 3D modeling services. Our product, VOKA 3D Anatomy & Pathology, is a digital atlas with over 1,000 detailed 3D models of human anatomy and pathology, designed for medical education, training, and patient communication.","email":"info@voka.io","telephone":"+1 814 351 4442","legalName":"Voka 3D Anatomy & Pathology","foundingDate":"2017-02-12","naics":"541512","numberOfEmployees":{"@type":"QuantitativeValue","minValue":"51","maxValue":"200"},"publishingPrinciples":"https:\/\/wiki.voka.io\/fr\/principes-de-publication\/"}]}},"_links":{"self":[{"href":"https:\/\/wiki.voka.io\/fr\/wp-json\/wp\/v2\/pages\/577","targetHints":{"allow":["GET"]}}],"collection":[{"href":"https:\/\/wiki.voka.io\/fr\/wp-json\/wp\/v2\/pages"}],"about":[{"href":"https:\/\/wiki.voka.io\/fr\/wp-json\/wp\/v2\/types\/page"}],"author":[{"embeddable":true,"href":"https:\/\/wiki.voka.io\/fr\/wp-json\/wp\/v2\/users\/1"}],"replies":[{"embeddable":true,"href":"https:\/\/wiki.voka.io\/fr\/wp-json\/wp\/v2\/comments?post=577"}],"version-history":[{"count":1,"href":"https:\/\/wiki.voka.io\/fr\/wp-json\/wp\/v2\/pages\/577\/revisions"}],"predecessor-version":[{"id":2088,"href":"https:\/\/wiki.voka.io\/fr\/wp-json\/wp\/v2\/pages\/577\/revisions\/2088"}],"wp:attachment":[{"href":"https:\/\/wiki.voka.io\/fr\/wp-json\/wp\/v2\/media?parent=577"}],"curies":[{"name":"wp","href":"https:\/\/api.w.org\/{rel}","templated":true}]}}